{"id":2,"date":"2025-08-26T06:51:39","date_gmt":"2025-08-26T06:51:39","guid":{"rendered":"https:\/\/hornodepablo.rkinformatika.online\/?page_id=2"},"modified":"2025-08-28T06:45:13","modified_gmt":"2025-08-28T06:45:13","slug":"inicio","status":"publish","type":"page","link":"https:\/\/hornodepablo.com\/en\/","title":{"rendered":"Home"},"content":{"rendered":"\t\t<div data-elementor-type=\"wp-page\" data-elementor-id=\"2\" class=\"elementor elementor-2\" data-elementor-post-type=\"page\">\n\t\t\t\t\t\t<section class=\"elementor-section elementor-top-section elementor-element elementor-element-a6dba05 elementor-section-boxed elementor-section-height-default elementor-section-height-default\" data-id=\"a6dba05\" data-element_type=\"section\" data-e-type=\"section\" data-settings=\"{&quot;background_background&quot;:&quot;slideshow&quot;,&quot;background_slideshow_gallery&quot;:[{&quot;id&quot;:234,&quot;url&quot;:&quot;https:\\\/\\\/hornodepablo.com\\\/wp-content\\\/uploads\\\/2025\\\/08\\\/IMG-20250621-WA0060-Paqui-Navarro.jpg&quot;},{&quot;id&quot;:99,&quot;url&quot;:&quot;https:\\\/\\\/hornodepablo.com\\\/wp-content\\\/uploads\\\/2025\\\/08\\\/467186791_9593021210713891_8507545330174394259_n.jpg&quot;},{&quot;id&quot;:100,&quot;url&quot;:&quot;https:\\\/\\\/hornodepablo.com\\\/wp-content\\\/uploads\\\/2025\\\/08\\\/466880731_9593021207380558_6235086817491745668_n.jpg&quot;}],&quot;background_slideshow_ken_burns&quot;:&quot;yes&quot;,&quot;background_slideshow_loop&quot;:&quot;yes&quot;,&quot;background_slideshow_slide_duration&quot;:5000,&quot;background_slideshow_slide_transition&quot;:&quot;fade&quot;,&quot;background_slideshow_transition_duration&quot;:500,&quot;background_slideshow_ken_burns_zoom_direction&quot;:&quot;in&quot;}\">\n\t\t\t\t\t\t\t<div class=\"elementor-background-overlay\"><\/div>\n\t\t\t\t\t\t\t<div class=\"elementor-container elementor-column-gap-default\">\n\t\t\t\t\t<div class=\"elementor-column elementor-col-100 elementor-top-column elementor-element elementor-element-37264c3\" data-id=\"37264c3\" data-element_type=\"column\" data-e-type=\"column\">\n\t\t\t<div class=\"elementor-widget-wrap elementor-element-populated\">\n\t\t\t\t\t\t<div class=\"elementor-element elementor-element-4ce0d6b elementor-widget elementor-widget-heading\" data-id=\"4ce0d6b\" data-element_type=\"widget\" data-e-type=\"widget\" data-widget_type=\"heading.default\">\n\t\t\t\t\t<h2 class=\"elementor-heading-title elementor-size-default\">Panader\u00eda y boller\u00eda artesanal<\/h2>\t\t\t\t<\/div>\n\t\t\t\t<div class=\"elementor-element elementor-element-8dced21 elementor-invisible elementor-widget elementor-widget-button\" data-id=\"8dced21\" data-element_type=\"widget\" data-e-type=\"widget\" data-settings=\"{&quot;_animation&quot;:&quot;fadeInLeft&quot;}\" data-widget_type=\"button.default\">\n\t\t\t\t\t\t\t\t\t\t<a class=\"elementor-button elementor-button-link elementor-size-sm\" href=\"\/servicios\">\n\t\t\t\t\t\t<span class=\"elementor-button-content-wrapper\">\n\t\t\t\t\t\t\t\t\t<span class=\"elementor-button-text\">Servicios<\/span>\n\t\t\t\t\t<\/span>\n\t\t\t\t\t<\/a>\n\t\t\t\t\t\t\t\t<\/div>\n\t\t\t\t\t<\/div>\n\t\t<\/div>\n\t\t\t\t\t<\/div>\n\t\t<\/section>\n\t\t\t\t<section class=\"elementor-section elementor-top-section elementor-element elementor-element-3eb2f09 elementor-section-boxed elementor-section-height-default elementor-section-height-default\" data-id=\"3eb2f09\" data-element_type=\"section\" data-e-type=\"section\">\n\t\t\t\t\t\t<div class=\"elementor-container elementor-column-gap-default\">\n\t\t\t\t\t<div class=\"elementor-column elementor-col-50 elementor-top-column elementor-element elementor-element-d46e275\" data-id=\"d46e275\" data-element_type=\"column\" data-e-type=\"column\">\n\t\t\t<div class=\"elementor-widget-wrap elementor-element-populated\">\n\t\t\t\t\t\t<div class=\"elementor-element elementor-element-b4602eb elementor-flip-box--effect-slide elementor-flip-box--direction-up elementor-widget elementor-widget-flip-box\" data-id=\"b4602eb\" data-element_type=\"widget\" data-e-type=\"widget\" data-widget_type=\"flip-box.default\">\n\t\t\t\t\t\t\t<div class=\"elementor-flip-box\" tabindex=\"0\">\n\t\t\t<div class=\"elementor-flip-box__layer elementor-flip-box__front\">\n\t\t\t\t<div class=\"elementor-flip-box__layer__overlay\">\n\t\t\t\t\t<div class=\"elementor-flip-box__layer__inner\">\n\t\t\t\t\t\t\n\t\t\t\t\t\t\n\t\t\t\t\t\t\t\t\t\t\t<\/div>\n\t\t\t\t<\/div>\n\t\t\t<\/div>\n\t\t\t<div class=\"elementor-flip-box__layer elementor-flip-box__back\">\n\t\t\t<div class=\"elementor-flip-box__layer__overlay\">\n\t\t\t\t<div class=\"elementor-flip-box__layer__inner\">\n\t\t\t\t\t\n\t\t\t\t\t\n\t\t\t\t\t\t\t\t<\/div>\n\t\t<\/div>\n\t\t<\/div>\n\t\t<\/div>\n\t\t\t\t\t\t<\/div>\n\t\t\t\t\t<\/div>\n\t\t<\/div>\n\t\t\t\t<div class=\"elementor-column elementor-col-50 elementor-top-column elementor-element elementor-element-bbbee7b\" data-id=\"bbbee7b\" data-element_type=\"column\" data-e-type=\"column\">\n\t\t\t<div class=\"elementor-widget-wrap elementor-element-populated\">\n\t\t\t\t\t\t<div class=\"elementor-element elementor-element-4ff4328 elementor-invisible elementor-widget elementor-widget-heading\" data-id=\"4ff4328\" data-element_type=\"widget\" data-e-type=\"widget\" data-settings=\"{&quot;_animation&quot;:&quot;fadeIn&quot;,&quot;_animation_delay&quot;:50}\" data-widget_type=\"heading.default\">\n\t\t\t\t\t<h2 class=\"elementor-heading-title elementor-size-default\">historia<\/h2>\t\t\t\t<\/div>\n\t\t\t\t<div class=\"elementor-element elementor-element-76710b0 elementor-invisible elementor-widget elementor-widget-heading\" data-id=\"76710b0\" data-element_type=\"widget\" data-e-type=\"widget\" data-settings=\"{&quot;_animation&quot;:&quot;fadeIn&quot;,&quot;_animation_delay&quot;:100}\" data-widget_type=\"heading.default\">\n\t\t\t\t\t<h2 class=\"elementor-heading-title elementor-size-default\">Sobre nosotros<\/h2>\t\t\t\t<\/div>\n\t\t\t\t<div class=\"elementor-element elementor-element-66c98ab elementor-widget elementor-widget-text-editor\" data-id=\"66c98ab\" data-element_type=\"widget\" data-e-type=\"widget\" data-widget_type=\"text-editor.default\">\n\t\t\t\t\t\t\t\t\t<p>Desde el a\u00f1o 1985 en Horno de Pablo, hemos estado elaborando con dedicaci\u00f3n y esmero en nuestro obrador una amplia gama de productos de la m\u00e1s alta calidad. Ofrecemos una gran variedad de panes artesanales, as\u00ed como productos dulces y salados que deleitan a nuestros clientes.\u00a0<\/p>\t\t\t\t\t\t\t\t<\/div>\n\t\t\t\t\t<\/div>\n\t\t<\/div>\n\t\t\t\t\t<\/div>\n\t\t<\/section>\n\t\t<div class=\"elementor-element elementor-element-77aaced e-flex e-con-boxed e-con e-parent\" data-id=\"77aaced\" data-element_type=\"container\" data-e-type=\"container\" data-settings=\"{&quot;background_background&quot;:&quot;classic&quot;}\">\n\t\t\t\t\t<div class=\"e-con-inner\">\n\t\t\t\t<div class=\"elementor-element elementor-element-4291378 elementor-invisible elementor-widget elementor-widget-heading\" data-id=\"4291378\" data-element_type=\"widget\" data-e-type=\"widget\" data-settings=\"{&quot;_animation&quot;:&quot;fadeInRight&quot;}\" data-widget_type=\"heading.default\">\n\t\t\t\t\t<h2 class=\"elementor-heading-title elementor-size-default\">\u00a1Nada mejor que desayunar en el Horno de Pablo!<\/h2>\t\t\t\t<\/div>\n\t\t\t\t<div class=\"elementor-element elementor-element-2aef503 elementor-invisible elementor-widget elementor-widget-button\" data-id=\"2aef503\" data-element_type=\"widget\" data-e-type=\"widget\" data-settings=\"{&quot;_animation&quot;:&quot;fadeInLeft&quot;}\" data-widget_type=\"button.default\">\n\t\t\t\t\t\t\t\t\t\t<a class=\"elementor-button elementor-button-link elementor-size-sm\" href=\"\/servicios\">\n\t\t\t\t\t\t<span class=\"elementor-button-content-wrapper\">\n\t\t\t\t\t\t\t\t\t<span class=\"elementor-button-text\">Servicios<\/span>\n\t\t\t\t\t<\/span>\n\t\t\t\t\t<\/a>\n\t\t\t\t\t\t\t\t<\/div>\n\t\t\t\t\t<\/div>\n\t\t\t\t<\/div>\n\t\t\t\t<section class=\"elementor-section elementor-top-section elementor-element elementor-element-cd673a5 elementor-section-boxed elementor-section-height-default elementor-section-height-default\" data-id=\"cd673a5\" data-element_type=\"section\" data-e-type=\"section\">\n\t\t\t\t\t\t<div class=\"elementor-container elementor-column-gap-default\">\n\t\t\t\t\t<div class=\"elementor-column elementor-col-50 elementor-top-column elementor-element elementor-element-f66ff72\" data-id=\"f66ff72\" data-element_type=\"column\" data-e-type=\"column\">\n\t\t\t<div class=\"elementor-widget-wrap elementor-element-populated\">\n\t\t\t\t\t\t<div class=\"elementor-element elementor-element-8ff7cd6 elementor-invisible elementor-widget elementor-widget-heading\" data-id=\"8ff7cd6\" data-element_type=\"widget\" data-e-type=\"widget\" data-settings=\"{&quot;_animation&quot;:&quot;fadeIn&quot;,&quot;_animation_delay&quot;:50}\" data-widget_type=\"heading.default\">\n\t\t\t\t\t<h2 class=\"elementor-heading-title elementor-size-default\">lugar<\/h2>\t\t\t\t<\/div>\n\t\t\t\t<div class=\"elementor-element elementor-element-29ff87a elementor-invisible elementor-widget elementor-widget-heading\" data-id=\"29ff87a\" data-element_type=\"widget\" data-e-type=\"widget\" data-settings=\"{&quot;_animation&quot;:&quot;fadeIn&quot;,&quot;_animation_delay&quot;:100}\" data-widget_type=\"heading.default\">\n\t\t\t\t\t<h2 class=\"elementor-heading-title elementor-size-default\">nuestras recetas<\/h2>\t\t\t\t<\/div>\n\t\t\t\t<div class=\"elementor-element elementor-element-8c478d5 elementor-widget elementor-widget-text-editor\" data-id=\"8c478d5\" data-element_type=\"widget\" data-e-type=\"widget\" data-widget_type=\"text-editor.default\">\n\t\t\t\t\t\t\t\t\t<p>Cada uno de nuestros productos est\u00e1 elaborado con ingredientes seleccionados y siguiendo recetas tradicionales, lo que nos permite brindar experiencias \u00fanicas a trav\u00e9s del sabor y la frescura.<\/p>\t\t\t\t\t\t\t\t<\/div>\n\t\t\t\t\t<\/div>\n\t\t<\/div>\n\t\t\t\t<div class=\"elementor-column elementor-col-50 elementor-top-column elementor-element elementor-element-bb851a3\" data-id=\"bb851a3\" data-element_type=\"column\" data-e-type=\"column\">\n\t\t\t<div class=\"elementor-widget-wrap elementor-element-populated\">\n\t\t\t\t\t\t<div class=\"elementor-element elementor-element-a0fbd52 elementor-flip-box--effect-slide elementor-flip-box--direction-up elementor-widget elementor-widget-flip-box\" data-id=\"a0fbd52\" data-element_type=\"widget\" data-e-type=\"widget\" data-widget_type=\"flip-box.default\">\n\t\t\t\t\t\t\t<div class=\"elementor-flip-box\" tabindex=\"0\">\n\t\t\t<div class=\"elementor-flip-box__layer elementor-flip-box__front\">\n\t\t\t\t<div class=\"elementor-flip-box__layer__overlay\">\n\t\t\t\t\t<div class=\"elementor-flip-box__layer__inner\">\n\t\t\t\t\t\t\n\t\t\t\t\t\t\n\t\t\t\t\t\t\t\t\t\t\t<\/div>\n\t\t\t\t<\/div>\n\t\t\t<\/div>\n\t\t\t<div class=\"elementor-flip-box__layer elementor-flip-box__back\">\n\t\t\t<div class=\"elementor-flip-box__layer__overlay\">\n\t\t\t\t<div class=\"elementor-flip-box__layer__inner\">\n\t\t\t\t\t\n\t\t\t\t\t\n\t\t\t\t\t\t\t\t<\/div>\n\t\t<\/div>\n\t\t<\/div>\n\t\t<\/div>\n\t\t\t\t\t\t<\/div>\n\t\t\t\t\t<\/div>\n\t\t<\/div>\n\t\t\t\t\t<\/div>\n\t\t<\/section>\n\t\t\t\t<\/div>\n\t\t","protected":false},"excerpt":{"rendered":"<p>Panader\u00eda y boller\u00eda artesanal Servicios historia Sobre nosotros Desde el a\u00f1o 1985 en Horno de Pablo, hemos estado elaborando con dedicaci\u00f3n y esmero en nuestro obrador una amplia gama de productos de la m\u00e1s alta calidad. Ofrecemos una gran variedad de panes artesanales, as\u00ed como productos dulces y salados que deleitan a nuestros clientes.\u00a0 \u00a1Nada [&hellip;]<\/p>\n","protected":false},"author":1,"featured_media":0,"parent":0,"menu_order":0,"comment_status":"closed","ping_status":"closed","template":"elementor_canvas","meta":{"footnotes":""},"class_list":["post-2","page","type-page","status-publish","hentry"],"yoast_head":"<!-- This site is optimized with the Yoast SEO plugin v27.3 - https:\/\/yoast.com\/product\/yoast-seo-wordpress\/ -->\n<title>Inicio - Horno de Pablo<\/title>\n<meta name=\"robots\" content=\"index, follow, max-snippet:-1, max-image-preview:large, max-video-preview:-1\" \/>\n<link rel=\"canonical\" href=\"https:\/\/hornodepablo.com\/en\/\" \/>\n<meta property=\"og:locale\" content=\"en_US\" \/>\n<meta property=\"og:type\" content=\"article\" \/>\n<meta property=\"og:title\" content=\"Inicio - Horno de Pablo\" \/>\n<meta property=\"og:description\" content=\"Panader\u00eda y boller\u00eda artesanal Servicios historia Sobre nosotros Desde el a\u00f1o 1985 en Horno de Pablo, hemos estado elaborando con dedicaci\u00f3n y esmero en nuestro obrador una amplia gama de productos de la m\u00e1s alta calidad. Ofrecemos una gran variedad de panes artesanales, as\u00ed como productos dulces y salados que deleitan a nuestros clientes.\u00a0 \u00a1Nada [&hellip;]\" \/>\n<meta property=\"og:url\" content=\"https:\/\/hornodepablo.com\/en\/\" \/>\n<meta property=\"og:site_name\" content=\"Horno de Pablo\" \/>\n<meta property=\"article:modified_time\" content=\"2025-08-28T06:45:13+00:00\" \/>\n<meta name=\"twitter:card\" content=\"summary_large_image\" \/>\n<meta name=\"twitter:label1\" content=\"Est. reading time\" \/>\n\t<meta name=\"twitter:data1\" content=\"1 minute\" \/>\n<script type=\"application\/ld+json\" class=\"yoast-schema-graph\">{\"@context\":\"https:\\\/\\\/schema.org\",\"@graph\":[{\"@type\":\"WebPage\",\"@id\":\"https:\\\/\\\/hornodepablo.com\\\/\",\"url\":\"https:\\\/\\\/hornodepablo.com\\\/\",\"name\":\"Inicio - Horno de Pablo\",\"isPartOf\":{\"@id\":\"https:\\\/\\\/hornodepablo.com\\\/#website\"},\"datePublished\":\"2025-08-26T06:51:39+00:00\",\"dateModified\":\"2025-08-28T06:45:13+00:00\",\"breadcrumb\":{\"@id\":\"https:\\\/\\\/hornodepablo.com\\\/#breadcrumb\"},\"inLanguage\":\"en-US\",\"potentialAction\":[{\"@type\":\"ReadAction\",\"target\":[\"https:\\\/\\\/hornodepablo.com\\\/\"]}]},{\"@type\":\"BreadcrumbList\",\"@id\":\"https:\\\/\\\/hornodepablo.com\\\/#breadcrumb\",\"itemListElement\":[{\"@type\":\"ListItem\",\"position\":1,\"name\":\"Portada\",\"item\":\"https:\\\/\\\/hornodepablo.com\\\/\"},{\"@type\":\"ListItem\",\"position\":2,\"name\":\"Inicio\"}]},{\"@type\":\"WebSite\",\"@id\":\"https:\\\/\\\/hornodepablo.com\\\/#website\",\"url\":\"https:\\\/\\\/hornodepablo.com\\\/\",\"name\":\"Horno de Pablo\",\"description\":\"Horno de Pablo\",\"publisher\":{\"@id\":\"https:\\\/\\\/hornodepablo.com\\\/#organization\"},\"potentialAction\":[{\"@type\":\"SearchAction\",\"target\":{\"@type\":\"EntryPoint\",\"urlTemplate\":\"https:\\\/\\\/hornodepablo.com\\\/?s={search_term_string}\"},\"query-input\":{\"@type\":\"PropertyValueSpecification\",\"valueRequired\":true,\"valueName\":\"search_term_string\"}}],\"inLanguage\":\"en-US\"},{\"@type\":\"Organization\",\"@id\":\"https:\\\/\\\/hornodepablo.com\\\/#organization\",\"name\":\"Horno de Pablo\",\"url\":\"https:\\\/\\\/hornodepablo.com\\\/\",\"logo\":{\"@type\":\"ImageObject\",\"inLanguage\":\"en-US\",\"@id\":\"https:\\\/\\\/hornodepablo.com\\\/#\\\/schema\\\/logo\\\/image\\\/\",\"url\":\"https:\\\/\\\/hornodepablo.com\\\/wp-content\\\/uploads\\\/2025\\\/08\\\/cropped-IMG-20250621-WA0018-Paqui-Navarro.jpg\",\"contentUrl\":\"https:\\\/\\\/hornodepablo.com\\\/wp-content\\\/uploads\\\/2025\\\/08\\\/cropped-IMG-20250621-WA0018-Paqui-Navarro.jpg\",\"width\":535,\"height\":176,\"caption\":\"Horno de Pablo\"},\"image\":{\"@id\":\"https:\\\/\\\/hornodepablo.com\\\/#\\\/schema\\\/logo\\\/image\\\/\"}}]}<\/script>\n<!-- \/ Yoast SEO plugin. -->","yoast_head_json":{"title":"Inicio - Horno de Pablo","robots":{"index":"index","follow":"follow","max-snippet":"max-snippet:-1","max-image-preview":"max-image-preview:large","max-video-preview":"max-video-preview:-1"},"canonical":"https:\/\/hornodepablo.com\/en\/","og_locale":"en_US","og_type":"article","og_title":"Inicio - Horno de Pablo","og_description":"Panader\u00eda y boller\u00eda artesanal Servicios historia Sobre nosotros Desde el a\u00f1o 1985 en Horno de Pablo, hemos estado elaborando con dedicaci\u00f3n y esmero en nuestro obrador una amplia gama de productos de la m\u00e1s alta calidad. Ofrecemos una gran variedad de panes artesanales, as\u00ed como productos dulces y salados que deleitan a nuestros clientes.\u00a0 \u00a1Nada [&hellip;]","og_url":"https:\/\/hornodepablo.com\/en\/","og_site_name":"Horno de Pablo","article_modified_time":"2025-08-28T06:45:13+00:00","twitter_card":"summary_large_image","twitter_misc":{"Est. reading time":"1 minute"},"schema":{"@context":"https:\/\/schema.org","@graph":[{"@type":"WebPage","@id":"https:\/\/hornodepablo.com\/","url":"https:\/\/hornodepablo.com\/","name":"Inicio - Horno de Pablo","isPartOf":{"@id":"https:\/\/hornodepablo.com\/#website"},"datePublished":"2025-08-26T06:51:39+00:00","dateModified":"2025-08-28T06:45:13+00:00","breadcrumb":{"@id":"https:\/\/hornodepablo.com\/#breadcrumb"},"inLanguage":"en-US","potentialAction":[{"@type":"ReadAction","target":["https:\/\/hornodepablo.com\/"]}]},{"@type":"BreadcrumbList","@id":"https:\/\/hornodepablo.com\/#breadcrumb","itemListElement":[{"@type":"ListItem","position":1,"name":"Portada","item":"https:\/\/hornodepablo.com\/"},{"@type":"ListItem","position":2,"name":"Inicio"}]},{"@type":"WebSite","@id":"https:\/\/hornodepablo.com\/#website","url":"https:\/\/hornodepablo.com\/","name":"Horno de Pablo","description":"Horno de Pablo","publisher":{"@id":"https:\/\/hornodepablo.com\/#organization"},"potentialAction":[{"@type":"SearchAction","target":{"@type":"EntryPoint","urlTemplate":"https:\/\/hornodepablo.com\/?s={search_term_string}"},"query-input":{"@type":"PropertyValueSpecification","valueRequired":true,"valueName":"search_term_string"}}],"inLanguage":"en-US"},{"@type":"Organization","@id":"https:\/\/hornodepablo.com\/#organization","name":"Horno de Pablo","url":"https:\/\/hornodepablo.com\/","logo":{"@type":"ImageObject","inLanguage":"en-US","@id":"https:\/\/hornodepablo.com\/#\/schema\/logo\/image\/","url":"https:\/\/hornodepablo.com\/wp-content\/uploads\/2025\/08\/cropped-IMG-20250621-WA0018-Paqui-Navarro.jpg","contentUrl":"https:\/\/hornodepablo.com\/wp-content\/uploads\/2025\/08\/cropped-IMG-20250621-WA0018-Paqui-Navarro.jpg","width":535,"height":176,"caption":"Horno de Pablo"},"image":{"@id":"https:\/\/hornodepablo.com\/#\/schema\/logo\/image\/"}}]}},"_links":{"self":[{"href":"https:\/\/hornodepablo.com\/en\/wp-json\/wp\/v2\/pages\/2","targetHints":{"allow":["GET"]}}],"collection":[{"href":"https:\/\/hornodepablo.com\/en\/wp-json\/wp\/v2\/pages"}],"about":[{"href":"https:\/\/hornodepablo.com\/en\/wp-json\/wp\/v2\/types\/page"}],"author":[{"embeddable":true,"href":"https:\/\/hornodepablo.com\/en\/wp-json\/wp\/v2\/users\/1"}],"replies":[{"embeddable":true,"href":"https:\/\/hornodepablo.com\/en\/wp-json\/wp\/v2\/comments?post=2"}],"version-history":[{"count":82,"href":"https:\/\/hornodepablo.com\/en\/wp-json\/wp\/v2\/pages\/2\/revisions"}],"predecessor-version":[{"id":455,"href":"https:\/\/hornodepablo.com\/en\/wp-json\/wp\/v2\/pages\/2\/revisions\/455"}],"wp:attachment":[{"href":"https:\/\/hornodepablo.com\/en\/wp-json\/wp\/v2\/media?parent=2"}],"curies":[{"name":"wp","href":"https:\/\/api.w.org\/{rel}","templated":true}]}}